{"id":7,"date":"2022-10-23T13:28:01","date_gmt":"2022-10-23T12:28:01","guid":{"rendered":"https:\/\/mentor2mentor.top\/?page_id=7"},"modified":"2026-05-07T09:56:37","modified_gmt":"2026-05-07T07:56:37","slug":"mentor-2-mentor","status":"publish","type":"page","link":"https:\/\/carebank.no\/","title":{"rendered":"CareBank App"},"content":{"rendered":"\r\n<div class=\"wp-block-stackable-image stk-block-image stk-block stk-bb58662\" data-block-id=\"bb58662\"><style>.stk-bb58662 .stk-img-wrapper{width:70% !important;--stk-gradient-overlay:1 !important}.stk-bb58662 .stk-img-wrapper img{transform:scale(1) !important;border-radius:5px !important}<\/style>\r\n<figure class=\"stk-img-wrapper stk-image--shape-stretch\"><img loading=\"lazy\" decoding=\"async\" class=\"stk-img  wp-image-322  aligncenter\" src=\"https:\/\/carebank.no\/wp-content\/uploads\/2025\/08\/fancy_intro_pic_no-300x224.jpg\" alt=\"\" width=\"624\" height=\"466\" srcset=\"https:\/\/carebank.no\/wp-content\/uploads\/2025\/08\/fancy_intro_pic_no-300x224.jpg 300w, https:\/\/carebank.no\/wp-content\/uploads\/2025\/08\/fancy_intro_pic_no-1024x764.jpg 1024w, https:\/\/carebank.no\/wp-content\/uploads\/2025\/08\/fancy_intro_pic_no-768x573.jpg 768w, https:\/\/carebank.no\/wp-content\/uploads\/2025\/08\/fancy_intro_pic_no.jpg 1349w\" sizes=\"auto, (max-width: 624px) 100vw, 624px\" \/><\/figure>\r\n<p>Applikasjonen &#8216;CareBank&#8217; gj\u00f8r det lettere for 2 personer \u00e5 finne hverandre (innen en eldre gruppe, organisasjon eller skole) for \u00e5 kunne tilby en tjeneste mellom de to. Dette kalles for &#8216;timebanking&#8217;.<\/p>\r\n<\/div>\r\n\r\n\r\n\r\n<div class=\"wp-block-stackable-image alignright stk-block-image stk-block stk-73be28d\" data-block-id=\"73be28d\"><style>.stk-73be28d .stk-img-wrapper{width:42% !important}<\/style>\r\n<figure class=\"stk-img-wrapper stk-image--shape-stretch\"><img loading=\"lazy\" decoding=\"async\" class=\"stk-img wp-image-253\" src=\"https:\/\/carebank.no\/wp-content\/uploads\/2023\/01\/learningBySharing5.jpg\" width=\"467\" height=\"246\" \/><\/figure>\r\n<\/div>\r\n\r\n\r\n\r\n<div class=\"wp-block-stackable-text stk-block-text stk-block stk-53c503d\" data-block-id=\"53c503d\">\r\n<p>I en <strong>eldreomsorgs sammenheng<\/strong> gir yngre pensjonister hjelp til eldre pensjonister, og samler dermed poeng. Disse poengene kan deretter innl\u00f8ses senere i livet n\u00e5r de selv trenger hjelp. Det antas at alle deltakerne er mentalt i stand til \u00e5 delta, og at lokale myndigheter st\u00f8tter ordningen. Dette er inspirert av vellykkede modeller som Sveits&#8217; Zeitvorsorge, Japans Fureai Kippu og S\u00f8r-Koreas kommunale tidsbanksystemer.<\/p>\r\n<p class=\"stk-block-text__text\">I en <strong>skolesammenheng<\/strong> betyr dette at elever kan be om hjelp fra andre (eldre) elever innenfor et valgfritt fag. I appen har hver skole en utpekt &#8216;l\u00e6reradministrator&#8217; som har ansvaret for \u00e5 sikre at bare elever p\u00e5 skolen kan bli med.<\/p>\r\n<\/div>\r\n\r\n\r\n\r\n<div class=\"wp-block-stackable-text stk-block-text stk-block stk-bb4e7f9\" data-block-id=\"bb4e7f9\">\r\n<p class=\"stk-block-text__text\">I en <strong>ikke-skolesammenheng<\/strong> er det ingen slik administrator.<\/p>\r\n<\/div>\r\n\r\n\r\n\r\n<div class=\"wp-block-stackable-text stk-block-text stk-block stk-c64944e\" data-block-id=\"c64944e\">\r\n<p class=\"stk-block-text__text\">F\u00f8rst etter at &#8216;anmoderen&#8217; har akseptert et &#8217;tilbud&#8217;, vil e-posten til tilbyderen bli synlig for anmoderen for \u00e5 avtale sted og tid for \u00e5 m\u00f8tes. Det avtalte arbeidet blir da utf\u00f8rt. I en skolesammenheng, etter at elevene\/personene har m\u00f8tt hverandre, skriver anmoderen en oppsummering av hva som ble oppn\u00e5dd i l\u00f8pet av \u00f8kten. F\u00f8r poeng utveksles mellom anmoderen og personen som tilbyr hjelp, vil &#8216;l\u00e6reradministratoren&#8217; se et sammendrag av transaksjonen og enten &#8216;godta&#8217; eller &#8216;avsl\u00e5&#8217; transaksjonen. &#8216;L\u00e6reradministratoren&#8217; kan om n\u00f8dvendig kontakte begge parter for ytterligere informasjon.<\/p>\r\n<\/div>\r\n\r\n\r\n\r\n<div class=\"wp-block-stackable-text stk-block-text stk-block stk-e96041b\" data-block-id=\"e96041b\">\r\n<p class=\"stk-block-text__text\">Det er ogs\u00e5 mulig for tredjepartsbedrifter \u00e5 donere tjenester til utvalgte skoleorganisasjoner. Forutsatt at elevene har samlet nok poeng, kan de enten:<\/p>\r\n<\/div>\r\n\r\n\r\n\r\n<ul class=\"wp-block-list\">\r\n<li>be om tjenester fra andre medlemmer av skolen deres, eller<\/li>\r\n\r\n\r\n\r\n<li>l\u00f8se dem inn fra en tredjepartsgivervirksomhet.<\/li>\r\n<\/ul>\r\n\r\n\r\n\r\n<p><br \/><br \/>Tillegg:<\/p>\r\n\r\n\r\n\r\n<div class=\"wp-block-stackable-image alignleft stk-block-image stk-block stk-b99e476\" data-block-id=\"b99e476\"><style>.stk-b99e476 .stk-img-wrapper{width:100% !important}<\/style>\r\n<figure class=\"stk-img-wrapper stk-image--shape-stretch\"><img loading=\"lazy\" decoding=\"async\" class=\"stk-img wp-image-254\" src=\"https:\/\/carebank.no\/wp-content\/uploads\/2023\/01\/learningBySharing.jpg\" width=\"840\" height=\"271\" \/><\/figure>\r\n<\/div>\r\n\r\n\r\n\r\n<p>Ideen bak denne appen er i tradisjonen til Timebanks: Timebanks bruker tid som en form for valuta for \u00e5 oppmuntre til tjenesteutveksling mellom timebank-medlemmer i samme fellesskap. Timebanking formaliserer samfunnsbasert frivillighet ved \u00e5 spore tjenestetransaksjoner blant lokalsamfunnsmedlemmer n\u00e5r det gjelder tiden det tar \u00e5 utf\u00f8re tjenestene. Medlemmer kan &#8220;tjene&#8221; tid (eller &#8220;poeng&#8221;) ved \u00e5 tilby en tjeneste og &#8220;bruke&#8221; den ved \u00e5 motta en tjeneste.<\/p>\r\n\r\n\r\n\r\n<p>I motsetning til konvensjonelle pengesystemer, har poeng fra alle typer arbeid lik verdi. I kjernen oppfordrer timebanking folk til \u00e5 bruke sine egne unike og verdifulle ferdigheter til \u00e5 hjelpe andre, noe som hjelper timebank-medlemmer med \u00e5 utvikle en f\u00f8lelse av tro p\u00e5 egen kapasitet, tillit, samarbeid og kollektiv innsats, uavhengig av deres faglige niv\u00e5 eller inntektsniv\u00e5. Dette muliggj\u00f8r potensielle tjenester som ellers ikke kan tilbys ettersom de faller utenfor det vanlige pengemarkedet.<\/p>\r\n\r\n\r\n\r\n<p>Om du \u00f8nsker \u00e5 f\u00e5 et innblikk av hvordan appen virker (user-journeys) uten \u00e5 laste det ned, kan du se p\u00e5 <a href=\"https:\/\/carebank.no\/?page_id=184\">Skjermbilder<\/a>.<\/p>\r\n\r\n<p>I tillegg:<br>\r\nHer er det en <a href=\"https:\/\/view.officeapps.live.com\/op\/view.aspx?src=https:\/\/carebank.no\/wp-content\/uploads\/2026\/02\/eldrehjelp-25-slides-.pptx\" target=\"_blank\" >powerpoint<\/a> med mer informasjon om timebank systemet.<br>\r\n<a href=\"https:\/\/carebank.no\/wp-content\/uploads\/2026\/05\/Eldrehjelp_kort_rev_25.docx\" target=\"_blank\">Kort om konseptet og rasjonalet for Tidsbank for eldrehjelp.<\/a><\/p>\r\n<p><strong>Om du \u00f8nsker \u00e5 pr\u00f8ve ut systemet s\u00e5 kan du registrere deg. <\/strong><\/p>\r\n<ul>\r\n<li><strong>For en skole demo, velg \u00e5 tilh\u00f8re gruppe &#8220;Demo Skole 1&#8221;.<\/strong><\/li>\r\n<li><strong>For en eldre-hjelps demo, velg \u00e5 tilh\u00f8re gruppe &#8220;Demo CareBank&#8221;. <\/strong><\/li>\r\n<\/ul>\r\n<p><strong>Dette er demo grupper og du kan gj\u00f8re hva du vil uten \u00e5 &#8220;\u00f8delegge&#8221; noe!<\/strong><\/p>\r\n<p>De f\u00f8lgende spr\u00e5k kan vises i appen: norsk og engelsk.\u00a0<\/p>\r\n<p>Om du har noen sp\u00f8rsm\u00e5l send en post til carebank.contact AT gmail.com.\u00a0<\/p>\r\n\r\n\r\n\r\n<div class=\"yt\"><iframe loading=\"lazy\" title=\"YouTube video player\" src=\"https:\/\/www.youtube.com\/embed\/FXx8ZOtHPTw\" width=\"560\" height=\"315\" frameborder=\"0\" allowfullscreen=\"allowfullscreen\"><\/iframe><\/div>\r\n\r\n\r\n\r\n<p>Denne appen er basert p\u00e5 ideer <a href=\"http:\/\/coopreneur.no\/\" target=\"_blank\" rel=\"noreferrer noopener\" data-type=\"URL\" data-id=\"http:\/\/coopreneur.top\/\">fra coopreneur.no<\/a>.<\/p>\r\n\r\n\r\n<hr class=\"wp-block-separator has-alpha-channel-opacity\" \/>\r\n\r\n\r\n<div class=\"wp-block-group is-content-justification-left is-layout-constrained wp-container-core-group-is-layout-12dd3699 wp-block-group-is-layout-constrained\">\r\n<p>Applikasjonen er tilgjengelig p\u00e5 f\u00f8lgende plattformer:<\/p>\r\n\r\n<ul style=\"padding-left: 20px;\">\r\n<li style=\"margin: 15px 0;\"><strong>Android app:<\/strong> <a href=\"https:\/\/play.google.com\/store\/apps\/details?id=no.coopreneur.mentor\" target=\"_blank\" rel=\"noreferrer noopener\" aria-label=\"Last ned Mentor app fra Google Play Store\"> <img decoding=\"async\" style=\"height: 40px; vertical-align: middle; margin-left: 10px;\" src=\"https:\/\/carebank.no\/wp-content\/uploads\/2022\/10\/signinWithGoogle.png\" alt=\"Last ned fra Google Play\" \/> <\/a><\/li>\r\n<li style=\"margin: 15px 0;\"><strong>iPhone app:<\/strong> <a href=\"https:\/\/apps.apple.com\/app\/mentor-to-mentor\/id1633030771\" target=\"_blank\" rel=\"noreferrer noopener\" aria-label=\"Last ned Mentor app fra App Store\"> <img decoding=\"async\" style=\"height: 40px; vertical-align: middle; margin-left: 10px;\" src=\"https:\/\/carebank.no\/wp-content\/uploads\/2022\/10\/signinWithApple.png\" alt=\"Last ned fra App Store\" \/> <\/a><\/li>\r\n<li style=\"margin: 15px 0;\"><strong>Web:<\/strong> <a style=\"color: #0066cc; text-decoration: none;\" href=\"https:\/\/app.carebank.no\/\" target=\"_blank\" rel=\"noreferrer noopener\"> https:\/\/app.carebank.no <\/a><\/li>\r\n<li style=\"margin: 15px 0; font-style: italic; color: #666;\">Eller bruk alternativene nedenfor.<\/li>\r\n<\/ul>\r\n<div id=\"52AD2192_191A_4A25_6BDF_CC50FCFD217A\">\u00a0<\/div>\r\n<div style=\"width: min(400px, 95vw); height: min(800px, 90vh); overflow: hidden; margin: 2.5vw auto; border: 10px solid #f0f0f0; box-sizing: border-box;\"><iframe loading=\"lazy\" style=\"display: block;\" src=\"https:\/\/app.carebank.no\/\" width=\"100%\" height=\"100%\" frameborder=\"0\">\r\n      <\/iframe><\/div>\r\n<!--<div style=\"padding: 20px 0;\">\r\n      <div style=\"\r\n          width: min(380px, 90vw); \r\n          height: min(780px, 80vh); \r\n          overflow: hidden;\r\n          margin: 0 auto;\r\n          border: 2px solid #ddd;\r\n          border-radius: 8px;\r\n      \">\r\n          <iframe loading=\"lazy\" src=\"https:\/\/mentorbackend.top\/\" \r\n                  width=\"100%\" \r\n                  height=\"100%\" \r\n                  frameborder=\"0\">\r\n          <\/iframe>\r\n      <\/div>\r\n  <\/div>\r\n--><\/div>","protected":false},"excerpt":{"rendered":"<p>Applikasjonen &#8216;CareBank&#8217; gj\u00f8r det lettere for 2 personer \u00e5 finne hverandre (innen en eldre gruppe, organisasjon eller skole) for \u00e5 kunne tilby en tjeneste mellom de to. Dette kalles for &#8216;timebanking&#8217;. I en eldreomsorgs sammenheng gir yngre pensjonister hjelp til eldre pensjonister, og samler dermed poeng. Disse poengene kan deretter innl\u00f8ses senere i livet n\u00e5r [&hellip;]<\/p>\n","protected":false},"author":1,"featured_media":0,"parent":0,"menu_order":2,"comment_status":"closed","ping_status":"closed","template":"","meta":{"footnotes":""},"class_list":["post-7","page","type-page","status-publish","hentry"],"blocksy_meta":{"styles_descriptor":{"styles":{"desktop":"","tablet":"","mobile":""},"google_fonts":[],"version":6}},"_links":{"self":[{"href":"https:\/\/carebank.no\/index.php?rest_route=\/wp\/v2\/pages\/7","targetHints":{"allow":["GET"]}}],"collection":[{"href":"https:\/\/carebank.no\/index.php?rest_route=\/wp\/v2\/pages"}],"about":[{"href":"https:\/\/carebank.no\/index.php?rest_route=\/wp\/v2\/types\/page"}],"author":[{"embeddable":true,"href":"https:\/\/carebank.no\/index.php?rest_route=\/wp\/v2\/users\/1"}],"replies":[{"embeddable":true,"href":"https:\/\/carebank.no\/index.php?rest_route=%2Fwp%2Fv2%2Fcomments&post=7"}],"version-history":[{"count":28,"href":"https:\/\/carebank.no\/index.php?rest_route=\/wp\/v2\/pages\/7\/revisions"}],"predecessor-version":[{"id":360,"href":"https:\/\/carebank.no\/index.php?rest_route=\/wp\/v2\/pages\/7\/revisions\/360"}],"wp:attachment":[{"href":"https:\/\/carebank.no\/index.php?rest_route=%2Fwp%2Fv2%2Fmedia&parent=7"}],"curies":[{"name":"wp","href":"https:\/\/api.w.org\/{rel}","templated":true}]}}